{"id":1306,"date":"2026-04-14T16:58:11","date_gmt":"2026-04-14T14:58:11","guid":{"rendered":"https:\/\/www.geoelements.es\/?page_id=1306"},"modified":"2026-04-14T17:31:24","modified_gmt":"2026-04-14T15:31:24","slug":"aviso-legal","status":"publish","type":"page","link":"https:\/\/www.geoelements.es\/ca\/aviso-legal\/","title":{"rendered":"Aviso Legal"},"content":{"rendered":"<div data-elementor-type=\"wp-page\" data-elementor-id=\"1306\" class=\"elementor elementor-1306\" data-elementor-post-type=\"page\">\n\t\t\t\t<div class=\"elementor-element elementor-element-3765141 e-flex e-con-boxed e-con e-parent\" data-id=\"3765141\" data-element_type=\"container\">\n\t\t\t\t\t<div class=\"e-con-inner\">\n\t\t\t\t<div class=\"elementor-element elementor-element-2a79580 elementor-widget elementor-widget-heading\" data-id=\"2a79580\" data-element_type=\"widget\" data-widget_type=\"heading.default\">\n\t\t\t\t\t<h1 class=\"elementor-heading-title elementor-size-default\">Aviso Legal<\/h1>\t\t\t\t<\/div>\n\t\t\t\t<div class=\"elementor-element elementor-element-1303ff6 elementor-widget elementor-widget-text-editor\" data-id=\"1303ff6\" data-element_type=\"widget\" data-widget_type=\"text-editor.default\">\n\t\t\t\t\t\t\t\t\t<p>\u200bDestinatarios, no se ceder\u00e1 sus datos de car\u00e1cter personal, excepto obligaci\u00f3n legal. Derechos a acceder, rectificar y suprimir los datos as\u00ed como otros derechos que puede consultar en la Informaci\u00f3n adicional. Puede consultar toda la informaci\u00f3n adicional en nuestra pol\u00edtica de protecci\u00f3n de datos.<\/p><p><strong>\u200bInformaci\u00f3n adicional:<\/strong><\/p><p>\u200bReglamento General de Protecci\u00f3n de Datos (Riego. UE 2016\/679), Ley Org\u00e1nica 15\/1999, de 13 de diciembre, de Protecci\u00f3n de Datos de Car\u00e1cter Personal y Ley 34\/2002, de 11 de julio, de Servicios de la Sociedad de la Informaci\u00f3n y de Comercio Electr\u00f3nico.<\/p><p>El usuario queda informado que, si procede, cuando se recauden datos de car\u00e1cter personal por medio de la p\u00e1gina web, estos quedar\u00e1n incorporados a un fichero automatizado del que es titular GeoElements, servicio para las cimentaciones S.L. con domicilio en Granollers, y que tiene los derechos de acceso, rectificaci\u00f3n, supresi\u00f3n (derecho al olvido), oposici\u00f3n, de portabilidad de datos, y de limitaci\u00f3n del tratamiento, que podr\u00e1 ejercitar en cualquier momento dirigiendo un mensaje a msanchez@geoelements.es, (con la ref. \u201ctratamiento de datos\u201d), indicando su nombre, direcci\u00f3n y petici\u00f3n, y adjuntando fotocopia de su Documento Nacional de Identidad y cumpliendo los requisitos contemplados, tanto en el Reglamento General de Protecci\u00f3n de Datos (Riego. UE 2016\/679), como en el T\u00edtulo III, del Real Decreto 1720\/2007, de 21 de diciembre, por el cual se aprueba el Reglamento de desarrollo de la Ley Org\u00e1nica 15\/1999, de 13 de diciembre, de Protecci\u00f3n de Datos de Car\u00e1cter Personal.<\/p><p>As\u00ed mismo, el usuario, si procede, cuando se recauden datos de car\u00e1cter personal por medio de la p\u00e1gina web, otorga el consentimiento a que GeoElements pueda someter a tratamiento los referidos datos de car\u00e1cter personal, con el fin de enviarle informaciones relativas a los servicios de GeoElements.<\/p><p><strong>Responsable del tratamiento de sus datos de car\u00e1cter personal:<\/strong><\/p><p>Identidad: GEOELEMENTS SERVICIO PARA LAS CIMENTACIONES, S.L.<\/p><p>Direcci\u00f3n fiscal: Pol. Ind. La Borda, C\/ Barcelon\u00e9s 44 (08140). Caldes de Montbui<\/p><p>Correo electr\u00f3nico: msanchez@geoelements.es<\/p><p><strong>Finalidad con la que GeoElements trata sus datos de car\u00e1cter personal:<\/strong><\/p><p>GeoElements trata sus datos de car\u00e1cter personal con el m\u00e1ximo respeto y cumplimiento de la normativa aplicable en materia de protecci\u00f3n de datos de car\u00e1cter personal. Le informamos que, en ning\u00fan caso, se adoptar\u00e1n decisiones automatizadas en base a su perfil. En todo caso, en cada email que le enviamos podr\u00e1 manifestar su negativa a seguir recibi\u00e9ndolos de manera clara, sencilla y gratuita. Cu\u00e1l es la legitimaci\u00f3n para llevar a cabo el tratamiento de mis datos de car\u00e1cter personal? Le informamos que la legitimaci\u00f3n para el tratamiento de sus datos personales es el consentimiento.<\/p><p><strong>Destinatarios se comunicar\u00e1n sus datos:<\/strong><\/p><p>\u200bGeoElements no ceder\u00e1 ni realizar\u00e1 transferencia internacional de sus datos de car\u00e1cter personal. \u00danicamente ceder\u00e1 sus datos de car\u00e1cter personal en caso de que una Ley le obligue a hacerlo.<\/p><p><strong>\u00bfQu\u00e9 derechos tiene usted como titular de los datos?<\/strong><\/p><p>Usted, como titular de los datos de car\u00e1cter personal, tanto en nombre propio como trav\u00e9s de un representante \u2013legal o voluntario- podr\u00e1 ejercer los derechos de acceso, rectificaci\u00f3n, limitaci\u00f3n del tratamiento, supresi\u00f3n, oposici\u00f3n, as\u00ed como el derecho a la portabilidad de sus datos. En el plazo m\u00e1ximo de 30 d\u00edas tras ponerse en contacto con nosotros \u2013posando todo nuestro esfuerzo y los medios que est\u00e9n a nuestro alcance para reducir este plazo al m\u00e1ximo posible-, desde que recibimos su solicitud, obtendr\u00e1 respuesta por nuestra parte. En caso de no quedar conforme, podr\u00e1 acudir a la Agencia Espa\u00f1ola de Protecci\u00f3n de Datos para solicitar la tutela de derechos.<\/p><p><strong>\u00bfC\u00f3mo hemos obtenido sus datos de car\u00e1cter personal?<\/strong><\/p><p>Los datos personales que trata GeoElements han sido recogidos a trav\u00e9s del formulario de la web. Las categor\u00edas de datos que se tratan son: datos identificativos y, si procede, podr\u00e1n tratarse datos que el Reglamento Europeo de Protecci\u00f3n de Datos califica como \u201ccategor\u00edas de especialmente protegidos\u201d, como datos de salud, o ideolog\u00eda.<\/p><p><strong>\u00bfCu\u00e1l es el organismo ante el cual puedo presentar una reclamaci\u00f3n en materia de protecci\u00f3n de datos?<\/strong><\/p><p>Le informamos que puede presentar una reclamaci\u00f3n en materia de protecci\u00f3n de datos ante la Agencia Espa\u00f1ola de Protecci\u00f3n de Datos. Dispone de toda la informaci\u00f3n a su p\u00e1gina.<\/p>\t\t\t\t\t\t\t\t<\/div>\n\t\t\t\t\t<\/div>\n\t\t\t\t<\/div>\n\t\t\t\t<\/div>","protected":false},"excerpt":{"rendered":"<p>Aviso Legal \u200bDestinatarios, no se ceder\u00e1 sus datos de car\u00e1cter personal, excepto obligaci\u00f3n legal. Derechos a acceder, rectificar y suprimir los datos as\u00ed como otros derechos que puede consultar en la Informaci\u00f3n adicional. Puede consultar toda la informaci\u00f3n adicional en nuestra pol\u00edtica de protecci\u00f3n de datos. \u200bInformaci\u00f3n adicional: \u200bReglamento General de Protecci\u00f3n de Datos (Riego. [&hellip;]<\/p>\n","protected":false},"author":1,"featured_media":0,"parent":0,"menu_order":0,"comment_status":"closed","ping_status":"closed","template":"","meta":{"footnotes":""},"class_list":["post-1306","page","type-page","status-publish","hentry"],"yoast_head":"<!-- This site is optimized with the Yoast SEO plugin v26.5 - https:\/\/yoast.com\/wordpress\/plugins\/seo\/ -->\n<title>Aviso Legal - GEO Elements<\/title>\n<meta name=\"robots\" content=\"index, follow, max-snippet:-1, max-image-preview:large, max-video-preview:-1\" \/>\n<link rel=\"canonical\" href=\"https:\/\/www.geoelements.es\/ca\/aviso-legal\/\" \/>\n<meta property=\"og:locale\" content=\"ca_ES\" \/>\n<meta property=\"og:type\" content=\"article\" \/>\n<meta property=\"og:title\" content=\"Aviso Legal - GEO Elements\" \/>\n<meta property=\"og:description\" content=\"Aviso Legal \u200bDestinatarios, no se ceder\u00e1 sus datos de car\u00e1cter personal, excepto obligaci\u00f3n legal. Derechos a acceder, rectificar y suprimir los datos as\u00ed como otros derechos que puede consultar en la Informaci\u00f3n adicional. Puede consultar toda la informaci\u00f3n adicional en nuestra pol\u00edtica de protecci\u00f3n de datos. \u200bInformaci\u00f3n adicional: \u200bReglamento General de Protecci\u00f3n de Datos (Riego. [&hellip;]\" \/>\n<meta property=\"og:url\" content=\"https:\/\/www.geoelements.es\/ca\/aviso-legal\/\" \/>\n<meta property=\"og:site_name\" content=\"GEO Elements\" \/>\n<meta property=\"article:modified_time\" content=\"2026-04-14T15:31:24+00:00\" \/>\n<meta name=\"twitter:card\" content=\"summary_large_image\" \/>\n<meta name=\"twitter:label1\" content=\"Temps estimat de lectura\" \/>\n\t<meta name=\"twitter:data1\" content=\"4 minuts\" \/>\n<script type=\"application\/ld+json\" class=\"yoast-schema-graph\">{\"@context\":\"https:\/\/schema.org\",\"@graph\":[{\"@type\":\"WebPage\",\"@id\":\"https:\/\/www.geoelements.es\/aviso-legal\/\",\"url\":\"https:\/\/www.geoelements.es\/aviso-legal\/\",\"name\":\"Aviso Legal - GEO Elements\",\"isPartOf\":{\"@id\":\"https:\/\/www.geoelements.es\/#website\"},\"datePublished\":\"2026-04-14T14:58:11+00:00\",\"dateModified\":\"2026-04-14T15:31:24+00:00\",\"breadcrumb\":{\"@id\":\"https:\/\/www.geoelements.es\/aviso-legal\/#breadcrumb\"},\"inLanguage\":\"ca\",\"potentialAction\":[{\"@type\":\"ReadAction\",\"target\":[\"https:\/\/www.geoelements.es\/aviso-legal\/\"]}]},{\"@type\":\"BreadcrumbList\",\"@id\":\"https:\/\/www.geoelements.es\/aviso-legal\/#breadcrumb\",\"itemListElement\":[{\"@type\":\"ListItem\",\"position\":1,\"name\":\"Portada\",\"item\":\"https:\/\/www.geoelements.es\/\"},{\"@type\":\"ListItem\",\"position\":2,\"name\":\"Aviso Legal\"}]},{\"@type\":\"WebSite\",\"@id\":\"https:\/\/www.geoelements.es\/#website\",\"url\":\"https:\/\/www.geoelements.es\/\",\"name\":\"GEO Elements\",\"description\":\"\",\"publisher\":{\"@id\":\"https:\/\/www.geoelements.es\/#organization\"},\"potentialAction\":[{\"@type\":\"SearchAction\",\"target\":{\"@type\":\"EntryPoint\",\"urlTemplate\":\"https:\/\/www.geoelements.es\/?s={search_term_string}\"},\"query-input\":{\"@type\":\"PropertyValueSpecification\",\"valueRequired\":true,\"valueName\":\"search_term_string\"}}],\"inLanguage\":\"ca\"},{\"@type\":\"Organization\",\"@id\":\"https:\/\/www.geoelements.es\/#organization\",\"name\":\"GEO Elements\",\"url\":\"https:\/\/www.geoelements.es\/\",\"logo\":{\"@type\":\"ImageObject\",\"inLanguage\":\"ca\",\"@id\":\"https:\/\/www.geoelements.es\/#\/schema\/logo\/image\/\",\"url\":\"https:\/\/www.geoelements.es\/wp-content\/uploads\/2025\/12\/cropped-logo-geo-sinfondo-1.png\",\"contentUrl\":\"https:\/\/www.geoelements.es\/wp-content\/uploads\/2025\/12\/cropped-logo-geo-sinfondo-1.png\",\"width\":1383,\"height\":396,\"caption\":\"GEO Elements\"},\"image\":{\"@id\":\"https:\/\/www.geoelements.es\/#\/schema\/logo\/image\/\"}}]}<\/script>\n<!-- \/ Yoast SEO plugin. -->","yoast_head_json":{"title":"Aviso Legal - GEO Elements","robots":{"index":"index","follow":"follow","max-snippet":"max-snippet:-1","max-image-preview":"max-image-preview:large","max-video-preview":"max-video-preview:-1"},"canonical":"https:\/\/www.geoelements.es\/ca\/aviso-legal\/","og_locale":"ca_ES","og_type":"article","og_title":"Aviso Legal - GEO Elements","og_description":"Aviso Legal \u200bDestinatarios, no se ceder\u00e1 sus datos de car\u00e1cter personal, excepto obligaci\u00f3n legal. Derechos a acceder, rectificar y suprimir los datos as\u00ed como otros derechos que puede consultar en la Informaci\u00f3n adicional. Puede consultar toda la informaci\u00f3n adicional en nuestra pol\u00edtica de protecci\u00f3n de datos. \u200bInformaci\u00f3n adicional: \u200bReglamento General de Protecci\u00f3n de Datos (Riego. [&hellip;]","og_url":"https:\/\/www.geoelements.es\/ca\/aviso-legal\/","og_site_name":"GEO Elements","article_modified_time":"2026-04-14T15:31:24+00:00","twitter_card":"summary_large_image","twitter_misc":{"Temps estimat de lectura":"4 minuts"},"schema":{"@context":"https:\/\/schema.org","@graph":[{"@type":"WebPage","@id":"https:\/\/www.geoelements.es\/aviso-legal\/","url":"https:\/\/www.geoelements.es\/aviso-legal\/","name":"Aviso Legal - GEO Elements","isPartOf":{"@id":"https:\/\/www.geoelements.es\/#website"},"datePublished":"2026-04-14T14:58:11+00:00","dateModified":"2026-04-14T15:31:24+00:00","breadcrumb":{"@id":"https:\/\/www.geoelements.es\/aviso-legal\/#breadcrumb"},"inLanguage":"ca","potentialAction":[{"@type":"ReadAction","target":["https:\/\/www.geoelements.es\/aviso-legal\/"]}]},{"@type":"BreadcrumbList","@id":"https:\/\/www.geoelements.es\/aviso-legal\/#breadcrumb","itemListElement":[{"@type":"ListItem","position":1,"name":"Portada","item":"https:\/\/www.geoelements.es\/"},{"@type":"ListItem","position":2,"name":"Aviso Legal"}]},{"@type":"WebSite","@id":"https:\/\/www.geoelements.es\/#website","url":"https:\/\/www.geoelements.es\/","name":"GEO Elements","description":"","publisher":{"@id":"https:\/\/www.geoelements.es\/#organization"},"potentialAction":[{"@type":"SearchAction","target":{"@type":"EntryPoint","urlTemplate":"https:\/\/www.geoelements.es\/?s={search_term_string}"},"query-input":{"@type":"PropertyValueSpecification","valueRequired":true,"valueName":"search_term_string"}}],"inLanguage":"ca"},{"@type":"Organization","@id":"https:\/\/www.geoelements.es\/#organization","name":"GEO Elements","url":"https:\/\/www.geoelements.es\/","logo":{"@type":"ImageObject","inLanguage":"ca","@id":"https:\/\/www.geoelements.es\/#\/schema\/logo\/image\/","url":"https:\/\/www.geoelements.es\/wp-content\/uploads\/2025\/12\/cropped-logo-geo-sinfondo-1.png","contentUrl":"https:\/\/www.geoelements.es\/wp-content\/uploads\/2025\/12\/cropped-logo-geo-sinfondo-1.png","width":1383,"height":396,"caption":"GEO Elements"},"image":{"@id":"https:\/\/www.geoelements.es\/#\/schema\/logo\/image\/"}}]}},"_links":{"self":[{"href":"https:\/\/www.geoelements.es\/ca\/wp-json\/wp\/v2\/pages\/1306","targetHints":{"allow":["GET"]}}],"collection":[{"href":"https:\/\/www.geoelements.es\/ca\/wp-json\/wp\/v2\/pages"}],"about":[{"href":"https:\/\/www.geoelements.es\/ca\/wp-json\/wp\/v2\/types\/page"}],"author":[{"embeddable":true,"href":"https:\/\/www.geoelements.es\/ca\/wp-json\/wp\/v2\/users\/1"}],"replies":[{"embeddable":true,"href":"https:\/\/www.geoelements.es\/ca\/wp-json\/wp\/v2\/comments?post=1306"}],"version-history":[{"count":13,"href":"https:\/\/www.geoelements.es\/ca\/wp-json\/wp\/v2\/pages\/1306\/revisions"}],"predecessor-version":[{"id":1320,"href":"https:\/\/www.geoelements.es\/ca\/wp-json\/wp\/v2\/pages\/1306\/revisions\/1320"}],"wp:attachment":[{"href":"https:\/\/www.geoelements.es\/ca\/wp-json\/wp\/v2\/media?parent=1306"}],"curies":[{"name":"wp","href":"https:\/\/api.w.org\/{rel}","templated":true}]}}