{"id":1331,"date":"2026-04-14T17:37:27","date_gmt":"2026-04-14T15:37:27","guid":{"rendered":"https:\/\/www.geoelements.es\/?page_id=1331"},"modified":"2026-04-14T17:40:13","modified_gmt":"2026-04-14T15:40:13","slug":"politica-de-calidad","status":"publish","type":"page","link":"https:\/\/www.geoelements.es\/ca\/politica-de-calidad\/","title":{"rendered":"Pol\u00edtica de calidad"},"content":{"rendered":"<div data-elementor-type=\"wp-page\" data-elementor-id=\"1331\" class=\"elementor elementor-1331\" data-elementor-post-type=\"page\">\n\t\t\t\t<div class=\"elementor-element elementor-element-3765141 e-flex e-con-boxed e-con e-parent\" data-id=\"3765141\" data-element_type=\"container\">\n\t\t\t\t\t<div class=\"e-con-inner\">\n\t\t\t\t<div class=\"elementor-element elementor-element-2a79580 elementor-widget elementor-widget-heading\" data-id=\"2a79580\" data-element_type=\"widget\" data-widget_type=\"heading.default\">\n\t\t\t\t\t<h1 class=\"elementor-heading-title elementor-size-default\">Pol\u00edtica de calidad<\/h1>\t\t\t\t<\/div>\n\t\t\t\t<div class=\"elementor-element elementor-element-1303ff6 elementor-widget elementor-widget-text-editor\" data-id=\"1303ff6\" data-element_type=\"widget\" data-widget_type=\"text-editor.default\">\n\t\t\t\t\t\t\t\t\t<p>En GeoElements S.L., nos dedicamos a la distribuci\u00f3n y fabricaci\u00f3n de soluciones t\u00e9cnicas para proyectos de cementaciones especiales, establecemos nuestra Pol\u00edtica de Calidad como compromiso firme para asegurar, mantener y mejorar continuamente la calidad de nuestros servicios y productos, garantizando la satisfacci\u00f3n de nuestros clientes y la eficiencia interna.<br \/><br \/>El alcance del sistema de gesti\u00f3n es el suministro y fabricaci\u00f3n de materiales por los cimientos especiales y\/o proyectos de geotecnia Los principios que fundamentan nuestra pol\u00edtica son: <br \/><br \/>\u2022 Compromiso con la calidad <br \/><br \/>Nos comprometemos a ofrecer productos fiables, documentados y conformes con los requisitos t\u00e9cnicos y normativos aplicables, garantizando entregas puntuales y una trazabilidad completa. <br \/><br \/>\u2022 Orientaci\u00f3n al cliente<br \/><br \/>La satisfacci\u00f3n de nuestros clientes es el centro de nuestra actividad. Nos adaptamos a sus necesidades, proporcionando asesoramiento t\u00e9cnico, atenci\u00f3n personalizada y respuestas \u00e1giles. <br \/><br \/>\u2022 Desarrollo del personal <br \/><br \/>Valoramos nuestro equipo y apostamos por su formaci\u00f3n, polivalencia y desarrollo, fomentando un entorno de trabajo colaborativo y proactivo. <br \/><br \/>\u2022 Mejora continua<br \/><br \/>Trabajamos bajo una cultura de mejora continua, definiendo objetivos de calidad revisados peri\u00f3dicamente y ajustando nuestros procesos para optimizar el servicio y la comptitividad. <br \/><br \/>\u2022 Cumplimiento de los requisitos legales y normativos Nos comprometemos a cumplir con toda la legislaci\u00f3n vigente, as\u00ed como con los requisitos de los clientes y otras partes interesadas aplicables a nuestro sector. <br \/><br \/>Esta pol\u00edtica es comunicada a todo el personal, difundida a trav\u00e9s de los canales establecidos y puesta a disposici\u00f3n de las partes interesadas. Se revisa anualmente en el marco de la Revisi\u00f3n del Sistema de Gesti\u00f3n de la Calidad.<\/p><p>Firma: Nombre: Octavi Ventura V\u00e1zquez <br \/>Cargo: Director General de negocio<\/p>\t\t\t\t\t\t\t\t<\/div>\n\t\t\t\t\t<\/div>\n\t\t\t\t<\/div>\n\t\t\t\t<\/div>","protected":false},"excerpt":{"rendered":"<p>Pol\u00edtica de calidad En GeoElements S.L., nos dedicamos a la distribuci\u00f3n y fabricaci\u00f3n de soluciones t\u00e9cnicas para proyectos de cementaciones especiales, establecemos nuestra Pol\u00edtica de Calidad como compromiso firme para asegurar, mantener y mejorar continuamente la calidad de nuestros servicios y productos, garantizando la satisfacci\u00f3n de nuestros clientes y la eficiencia interna. El alcance del [&hellip;]<\/p>\n","protected":false},"author":1,"featured_media":0,"parent":0,"menu_order":0,"comment_status":"closed","ping_status":"closed","template":"","meta":{"footnotes":""},"class_list":["post-1331","page","type-page","status-publish","hentry"],"yoast_head":"<!-- This site is optimized with the Yoast SEO plugin v26.5 - https:\/\/yoast.com\/wordpress\/plugins\/seo\/ -->\n<title>Pol\u00edtica de calidad - GEO Elements<\/title>\n<meta name=\"robots\" content=\"index, follow, max-snippet:-1, max-image-preview:large, max-video-preview:-1\" \/>\n<link rel=\"canonical\" href=\"https:\/\/www.geoelements.es\/ca\/politica-de-calidad\/\" \/>\n<meta property=\"og:locale\" content=\"ca_ES\" \/>\n<meta property=\"og:type\" content=\"article\" \/>\n<meta property=\"og:title\" content=\"Pol\u00edtica de calidad - GEO Elements\" \/>\n<meta property=\"og:description\" content=\"Pol\u00edtica de calidad En GeoElements S.L., nos dedicamos a la distribuci\u00f3n y fabricaci\u00f3n de soluciones t\u00e9cnicas para proyectos de cementaciones especiales, establecemos nuestra Pol\u00edtica de Calidad como compromiso firme para asegurar, mantener y mejorar continuamente la calidad de nuestros servicios y productos, garantizando la satisfacci\u00f3n de nuestros clientes y la eficiencia interna. El alcance del [&hellip;]\" \/>\n<meta property=\"og:url\" content=\"https:\/\/www.geoelements.es\/ca\/politica-de-calidad\/\" \/>\n<meta property=\"og:site_name\" content=\"GEO Elements\" \/>\n<meta property=\"article:modified_time\" content=\"2026-04-14T15:40:13+00:00\" \/>\n<meta name=\"twitter:card\" content=\"summary_large_image\" \/>\n<meta name=\"twitter:label1\" content=\"Temps estimat de lectura\" \/>\n\t<meta name=\"twitter:data1\" content=\"2 minuts\" \/>\n<script type=\"application\/ld+json\" class=\"yoast-schema-graph\">{\"@context\":\"https:\/\/schema.org\",\"@graph\":[{\"@type\":\"WebPage\",\"@id\":\"https:\/\/www.geoelements.es\/politica-de-calidad\/\",\"url\":\"https:\/\/www.geoelements.es\/politica-de-calidad\/\",\"name\":\"Pol\u00edtica de calidad - GEO Elements\",\"isPartOf\":{\"@id\":\"https:\/\/www.geoelements.es\/#website\"},\"datePublished\":\"2026-04-14T15:37:27+00:00\",\"dateModified\":\"2026-04-14T15:40:13+00:00\",\"breadcrumb\":{\"@id\":\"https:\/\/www.geoelements.es\/politica-de-calidad\/#breadcrumb\"},\"inLanguage\":\"ca\",\"potentialAction\":[{\"@type\":\"ReadAction\",\"target\":[\"https:\/\/www.geoelements.es\/politica-de-calidad\/\"]}]},{\"@type\":\"BreadcrumbList\",\"@id\":\"https:\/\/www.geoelements.es\/politica-de-calidad\/#breadcrumb\",\"itemListElement\":[{\"@type\":\"ListItem\",\"position\":1,\"name\":\"Portada\",\"item\":\"https:\/\/www.geoelements.es\/\"},{\"@type\":\"ListItem\",\"position\":2,\"name\":\"Pol\u00edtica de calidad\"}]},{\"@type\":\"WebSite\",\"@id\":\"https:\/\/www.geoelements.es\/#website\",\"url\":\"https:\/\/www.geoelements.es\/\",\"name\":\"GEO Elements\",\"description\":\"\",\"publisher\":{\"@id\":\"https:\/\/www.geoelements.es\/#organization\"},\"potentialAction\":[{\"@type\":\"SearchAction\",\"target\":{\"@type\":\"EntryPoint\",\"urlTemplate\":\"https:\/\/www.geoelements.es\/?s={search_term_string}\"},\"query-input\":{\"@type\":\"PropertyValueSpecification\",\"valueRequired\":true,\"valueName\":\"search_term_string\"}}],\"inLanguage\":\"ca\"},{\"@type\":\"Organization\",\"@id\":\"https:\/\/www.geoelements.es\/#organization\",\"name\":\"GEO Elements\",\"url\":\"https:\/\/www.geoelements.es\/\",\"logo\":{\"@type\":\"ImageObject\",\"inLanguage\":\"ca\",\"@id\":\"https:\/\/www.geoelements.es\/#\/schema\/logo\/image\/\",\"url\":\"https:\/\/www.geoelements.es\/wp-content\/uploads\/2025\/12\/cropped-logo-geo-sinfondo-1.png\",\"contentUrl\":\"https:\/\/www.geoelements.es\/wp-content\/uploads\/2025\/12\/cropped-logo-geo-sinfondo-1.png\",\"width\":1383,\"height\":396,\"caption\":\"GEO Elements\"},\"image\":{\"@id\":\"https:\/\/www.geoelements.es\/#\/schema\/logo\/image\/\"}}]}<\/script>\n<!-- \/ Yoast SEO plugin. -->","yoast_head_json":{"title":"Pol\u00edtica de calidad - GEO Elements","robots":{"index":"index","follow":"follow","max-snippet":"max-snippet:-1","max-image-preview":"max-image-preview:large","max-video-preview":"max-video-preview:-1"},"canonical":"https:\/\/www.geoelements.es\/ca\/politica-de-calidad\/","og_locale":"ca_ES","og_type":"article","og_title":"Pol\u00edtica de calidad - GEO Elements","og_description":"Pol\u00edtica de calidad En GeoElements S.L., nos dedicamos a la distribuci\u00f3n y fabricaci\u00f3n de soluciones t\u00e9cnicas para proyectos de cementaciones especiales, establecemos nuestra Pol\u00edtica de Calidad como compromiso firme para asegurar, mantener y mejorar continuamente la calidad de nuestros servicios y productos, garantizando la satisfacci\u00f3n de nuestros clientes y la eficiencia interna. El alcance del [&hellip;]","og_url":"https:\/\/www.geoelements.es\/ca\/politica-de-calidad\/","og_site_name":"GEO Elements","article_modified_time":"2026-04-14T15:40:13+00:00","twitter_card":"summary_large_image","twitter_misc":{"Temps estimat de lectura":"2 minuts"},"schema":{"@context":"https:\/\/schema.org","@graph":[{"@type":"WebPage","@id":"https:\/\/www.geoelements.es\/politica-de-calidad\/","url":"https:\/\/www.geoelements.es\/politica-de-calidad\/","name":"Pol\u00edtica de calidad - GEO Elements","isPartOf":{"@id":"https:\/\/www.geoelements.es\/#website"},"datePublished":"2026-04-14T15:37:27+00:00","dateModified":"2026-04-14T15:40:13+00:00","breadcrumb":{"@id":"https:\/\/www.geoelements.es\/politica-de-calidad\/#breadcrumb"},"inLanguage":"ca","potentialAction":[{"@type":"ReadAction","target":["https:\/\/www.geoelements.es\/politica-de-calidad\/"]}]},{"@type":"BreadcrumbList","@id":"https:\/\/www.geoelements.es\/politica-de-calidad\/#breadcrumb","itemListElement":[{"@type":"ListItem","position":1,"name":"Portada","item":"https:\/\/www.geoelements.es\/"},{"@type":"ListItem","position":2,"name":"Pol\u00edtica de calidad"}]},{"@type":"WebSite","@id":"https:\/\/www.geoelements.es\/#website","url":"https:\/\/www.geoelements.es\/","name":"GEO Elements","description":"","publisher":{"@id":"https:\/\/www.geoelements.es\/#organization"},"potentialAction":[{"@type":"SearchAction","target":{"@type":"EntryPoint","urlTemplate":"https:\/\/www.geoelements.es\/?s={search_term_string}"},"query-input":{"@type":"PropertyValueSpecification","valueRequired":true,"valueName":"search_term_string"}}],"inLanguage":"ca"},{"@type":"Organization","@id":"https:\/\/www.geoelements.es\/#organization","name":"GEO Elements","url":"https:\/\/www.geoelements.es\/","logo":{"@type":"ImageObject","inLanguage":"ca","@id":"https:\/\/www.geoelements.es\/#\/schema\/logo\/image\/","url":"https:\/\/www.geoelements.es\/wp-content\/uploads\/2025\/12\/cropped-logo-geo-sinfondo-1.png","contentUrl":"https:\/\/www.geoelements.es\/wp-content\/uploads\/2025\/12\/cropped-logo-geo-sinfondo-1.png","width":1383,"height":396,"caption":"GEO Elements"},"image":{"@id":"https:\/\/www.geoelements.es\/#\/schema\/logo\/image\/"}}]}},"_links":{"self":[{"href":"https:\/\/www.geoelements.es\/ca\/wp-json\/wp\/v2\/pages\/1331","targetHints":{"allow":["GET"]}}],"collection":[{"href":"https:\/\/www.geoelements.es\/ca\/wp-json\/wp\/v2\/pages"}],"about":[{"href":"https:\/\/www.geoelements.es\/ca\/wp-json\/wp\/v2\/types\/page"}],"author":[{"embeddable":true,"href":"https:\/\/www.geoelements.es\/ca\/wp-json\/wp\/v2\/users\/1"}],"replies":[{"embeddable":true,"href":"https:\/\/www.geoelements.es\/ca\/wp-json\/wp\/v2\/comments?post=1331"}],"version-history":[{"count":6,"href":"https:\/\/www.geoelements.es\/ca\/wp-json\/wp\/v2\/pages\/1331\/revisions"}],"predecessor-version":[{"id":1337,"href":"https:\/\/www.geoelements.es\/ca\/wp-json\/wp\/v2\/pages\/1331\/revisions\/1337"}],"wp:attachment":[{"href":"https:\/\/www.geoelements.es\/ca\/wp-json\/wp\/v2\/media?parent=1331"}],"curies":[{"name":"wp","href":"https:\/\/api.w.org\/{rel}","templated":true}]}}