{"id":478,"date":"2026-01-15T20:05:01","date_gmt":"2026-01-15T19:05:01","guid":{"rendered":"https:\/\/www.geoelements.es\/?page_id=478"},"modified":"2026-04-14T17:47:06","modified_gmt":"2026-04-14T15:47:06","slug":"contacto","status":"publish","type":"page","link":"https:\/\/www.geoelements.es\/ca\/contacto\/","title":{"rendered":"Contacte"},"content":{"rendered":"<div data-elementor-type=\"wp-page\" data-elementor-id=\"478\" class=\"elementor elementor-478\" data-elementor-post-type=\"page\">\n\t\t\t\t<div class=\"elementor-element elementor-element-78643c4 e-con-full e-flex e-con e-parent\" data-id=\"78643c4\" data-element_type=\"container\">\n\t\t\t\t<div class=\"elementor-element elementor-element-4d85cdf elementor-widget__width-inherit elementor-widget elementor-widget-heading\" data-id=\"4d85cdf\" data-element_type=\"widget\" data-widget_type=\"heading.default\">\n\t\t\t\t\t<h1 class=\"elementor-heading-title elementor-size-default\">Contacte<\/h1>\t\t\t\t<\/div>\n\t\t<div class=\"elementor-element elementor-element-9729039 e-flex e-con-boxed e-con e-child\" data-id=\"9729039\" data-element_type=\"container\">\n\t\t\t\t\t<div class=\"e-con-inner\">\n\t\t<div class=\"elementor-element elementor-element-673c691 e-con-full e-flex e-con e-child\" data-id=\"673c691\" data-element_type=\"container\" data-settings=\"{&quot;background_background&quot;:&quot;classic&quot;}\">\n\t\t<div class=\"elementor-element elementor-element-01098be e-con-full e-flex e-con e-child\" data-id=\"01098be\" data-element_type=\"container\">\n\t\t\t\t<div class=\"elementor-element elementor-element-ba8c559 elementor-widget elementor-widget-google_maps\" data-id=\"ba8c559\" data-element_type=\"widget\" data-widget_type=\"google_maps.default\">\n\t\t\t\t\t\t\t<div class=\"elementor-custom-embed\">\n\t\t\t<iframe loading=\"lazy\"\n\t\t\t\t\tsrc=\"https:\/\/www.google.com\/maps\/embed\/v1\/place?key=AIzaSyB3957ZkBblO0gORgFvx-N8k5BlXfZWaBw&#038;q=Geoelements&#038;zoom=10\"\n\t\t\t\t\ttitle=\"Geoelements\"\n\t\t\t\t\taria-label=\"Geoelements\"\n\t\t\t><\/iframe>\n\t\t<\/div>\n\t\t\t\t\t\t<\/div>\n\t\t\t\t<\/div>\n\t\t\t\t<\/div>\n\t\t<div class=\"elementor-element elementor-element-76bc8dd e-con-full e-flex e-con e-child\" data-id=\"76bc8dd\" data-element_type=\"container\" data-settings=\"{&quot;background_background&quot;:&quot;classic&quot;}\">\n\t\t\t\t<div class=\"elementor-element elementor-element-2c2378c elementor-widget elementor-widget-heading\" data-id=\"2c2378c\" data-element_type=\"widget\" data-widget_type=\"heading.default\">\n\t\t\t\t\t<p class=\"elementor-heading-title elementor-size-default\">Oficines centrals<\/p>\t\t\t\t<\/div>\n\t\t\t\t<div class=\"elementor-element elementor-element-716626c elementor-icon-list--layout-traditional elementor-list-item-link-full_width elementor-widget elementor-widget-icon-list\" data-id=\"716626c\" data-element_type=\"widget\" data-widget_type=\"icon-list.default\">\n\t\t\t\t\t\t\t<ul class=\"elementor-icon-list-items\">\n\t\t\t\t\t\t\t<li class=\"elementor-icon-list-item\">\n\t\t\t\t\t\t\t\t\t\t\t<span class=\"elementor-icon-list-icon\">\n\t\t\t\t\t\t\t<svg aria-hidden=\"true\" class=\"e-font-icon-svg e-fas-envelope\" viewbox=\"0 0 512 512\" xmlns=\"http:\/\/www.w3.org\/2000\/svg\"><path d=\"M502.3 190.8c3.9-3.1 9.7-.2 9.7 4.7V400c0 26.5-21.5 48-48 48H48c-26.5 0-48-21.5-48-48V195.6c0-5 5.7-7.8 9.7-4.7 22.4 17.4 52.1 39.5 154.1 113.6 21.1 15.4 56.7 47.8 92.2 47.6 35.7.3 72-32.8 92.3-47.6 102-74.1 131.6-96.3 154-113.7zM256 320c23.2.4 56.6-29.2 73.4-41.4 132.7-96.3 142.8-104.7 173.4-128.7 5.8-4.5 9.2-11.5 9.2-18.9v-19c0-26.5-21.5-48-48-48H48C21.5 64 0 85.5 0 112v19c0 7.4 3.4 14.3 9.2 18.9 30.6 23.9 40.7 32.4 173.4 128.7 16.8 12.2 50.2 41.8 73.4 41.4z\"><\/path><\/svg>\t\t\t\t\t\t<\/span>\n\t\t\t\t\t\t\t\t\t\t<span class=\"elementor-icon-list-text\">admin@geoelements.es<\/span>\n\t\t\t\t\t\t\t\t\t<\/li>\n\t\t\t\t\t\t\t\t<li class=\"elementor-icon-list-item\">\n\t\t\t\t\t\t\t\t\t\t\t<span class=\"elementor-icon-list-icon\">\n\t\t\t\t\t\t\t<svg aria-hidden=\"true\" class=\"e-font-icon-svg e-fas-phone-alt\" viewbox=\"0 0 512 512\" xmlns=\"http:\/\/www.w3.org\/2000\/svg\"><path d=\"M497.39 361.8l-112-48a24 24 0 0 0-28 6.9l-49.6 60.6A370.66 370.66 0 0 1 130.6 204.11l60.6-49.6a23.94 23.94 0 0 0 6.9-28l-48-112A24.16 24.16 0 0 0 122.6.61l-104 24A24 24 0 0 0 0 48c0 256.5 207.9 464 464 464a24 24 0 0 0 23.4-18.6l24-104a24.29 24.29 0 0 0-14.01-27.6z\"><\/path><\/svg>\t\t\t\t\t\t<\/span>\n\t\t\t\t\t\t\t\t\t\t<span class=\"elementor-icon-list-text\">(+34) 93 808 56 17<\/span>\n\t\t\t\t\t\t\t\t\t<\/li>\n\t\t\t\t\t\t\t\t<li class=\"elementor-icon-list-item\">\n\t\t\t\t\t\t\t\t\t\t\t<span class=\"elementor-icon-list-icon\">\n\t\t\t\t\t\t\t<svg aria-hidden=\"true\" class=\"e-font-icon-svg e-fas-map-marker-alt\" viewbox=\"0 0 384 512\" xmlns=\"http:\/\/www.w3.org\/2000\/svg\"><path d=\"M172.268 501.67C26.97 291.031 0 269.413 0 192 0 85.961 85.961 0 192 0s192 85.961 192 192c0 77.413-26.97 99.031-172.268 309.67-9.535 13.774-29.93 13.773-39.464 0zM192 272c44.183 0 80-35.817 80-80s-35.817-80-80-80-80 35.817-80 80 35.817 80 80 80z\"><\/path><\/svg>\t\t\t\t\t\t<\/span>\n\t\t\t\t\t\t\t\t\t\t<span class=\"elementor-icon-list-text\">Pol. Ind. Mas d\u2019En Cisa <br \/>C\/ Josep Tura num. 11C, nave 14 <br \/>(08181) Sentmenat, Barcelona, Espa\u00f1a.<\/span>\n\t\t\t\t\t\t\t\t\t<\/li>\n\t\t\t\t\t\t<\/ul>\n\t\t\t\t\t\t<\/div>\n\t\t\t\t<\/div>\n\t\t\t\t\t<\/div>\n\t\t\t\t<\/div>\n\t\t\t\t<\/div>\n\t\t<div class=\"elementor-element elementor-element-e892006 e-con-full elementor-hidden-desktop elementor-hidden-tablet elementor-hidden-mobile e-flex e-con e-parent\" data-id=\"e892006\" data-element_type=\"container\">\n\t\t<div class=\"elementor-element elementor-element-e98edaf e-flex e-con-boxed e-con e-child\" data-id=\"e98edaf\" data-element_type=\"container\">\n\t\t\t\t\t<div class=\"e-con-inner\">\n\t\t\t\t<div class=\"elementor-element elementor-element-c09047a elementor-widget__width-initial elementor-widget elementor-widget-heading\" data-id=\"c09047a\" data-element_type=\"widget\" data-widget_type=\"heading.default\">\n\t\t\t\t\t<h2 class=\"elementor-heading-title elementor-size-default\">Presencia internacional<\/h2>\t\t\t\t<\/div>\n\t\t\t\t<div class=\"elementor-element elementor-element-565169d elementor-widget elementor-widget-text-editor\" data-id=\"565169d\" data-element_type=\"widget\" data-widget_type=\"text-editor.default\">\n\t\t\t\t\t\t\t\t\t<p>Operamos diversas obras distribuidas en 4 pa\u00edses . Contamos con un equipo de m\u00e1s de 1000 personas en todo Europa.<\/p>\t\t\t\t\t\t\t\t<\/div>\n\t\t\t\t<div class=\"elementor-element elementor-element-bf1bbc7 elementor-widget elementor-widget-image\" data-id=\"bf1bbc7\" data-element_type=\"widget\" data-widget_type=\"image.default\">\n\t\t\t\t\t\t\t\t\t\t\t\t\t\t\t<img fetchpriority=\"high\" decoding=\"async\" width=\"800\" height=\"400\" src=\"https:\/\/www.geoelements.es\/wp-content\/uploads\/2026\/03\/GeoElements-mapa-mundo.svg\" class=\"attachment-large size-large wp-image-830\" alt=\"\" \/>\t\t\t\t\t\t\t\t\t\t\t\t\t\t\t<\/div>\n\t\t\t\t\t<\/div>\n\t\t\t\t<\/div>\n\t\t\t\t<\/div>\n\t\t\t\t<\/div>","protected":false},"excerpt":{"rendered":"<p>Contacto Oficinas Centrales admin@geoelements.es (+34) 93 808 56 17 Pol. Ind. Mas d\u2019En Cisa C\/ Josep Tura num. 11C, nave 14 (08181) Sentmenat, Barcelona, Espa\u00f1a. Presencia internacional Operamos diversas obras distribuidas en 4 pa\u00edses . Contamos con un equipo de m\u00e1s de 1000 personas en todo Europa.<\/p>","protected":false},"author":1,"featured_media":0,"parent":0,"menu_order":0,"comment_status":"closed","ping_status":"closed","template":"elementor_header_footer","meta":{"footnotes":""},"class_list":["post-478","page","type-page","status-publish","hentry"],"yoast_head":"<!-- This site is optimized with the Yoast SEO plugin v26.5 - https:\/\/yoast.com\/wordpress\/plugins\/seo\/ -->\n<title>Contacto - GEO Elements<\/title>\n<meta name=\"robots\" content=\"index, follow, max-snippet:-1, max-image-preview:large, max-video-preview:-1\" \/>\n<link rel=\"canonical\" href=\"https:\/\/www.geoelements.es\/ca\/contacto\/\" \/>\n<meta property=\"og:locale\" content=\"ca_ES\" \/>\n<meta property=\"og:type\" content=\"article\" \/>\n<meta property=\"og:title\" content=\"Contacto - GEO Elements\" \/>\n<meta property=\"og:description\" content=\"Contacto Oficinas Centrales admin@geoelements.es (+34) 93 808 56 17 Pol. Ind. Mas d\u2019En Cisa C\/ Josep Tura num. 11C, nave 14 (08181) Sentmenat, Barcelona, Espa\u00f1a. Presencia internacional Operamos diversas obras distribuidas en 4 pa\u00edses . Contamos con un equipo de m\u00e1s de 1000 personas en todo Europa.\" \/>\n<meta property=\"og:url\" content=\"https:\/\/www.geoelements.es\/ca\/contacto\/\" \/>\n<meta property=\"og:site_name\" content=\"GEO Elements\" \/>\n<meta property=\"article:modified_time\" content=\"2026-04-14T15:47:06+00:00\" \/>\n<meta name=\"twitter:card\" content=\"summary_large_image\" \/>\n<meta name=\"twitter:label1\" content=\"Temps estimat de lectura\" \/>\n\t<meta name=\"twitter:data1\" content=\"1 minut\" \/>\n<script type=\"application\/ld+json\" class=\"yoast-schema-graph\">{\"@context\":\"https:\/\/schema.org\",\"@graph\":[{\"@type\":\"WebPage\",\"@id\":\"https:\/\/www.geoelements.es\/contacto\/\",\"url\":\"https:\/\/www.geoelements.es\/contacto\/\",\"name\":\"Contacto - GEO Elements\",\"isPartOf\":{\"@id\":\"https:\/\/www.geoelements.es\/#website\"},\"primaryImageOfPage\":{\"@id\":\"https:\/\/www.geoelements.es\/contacto\/#primaryimage\"},\"image\":{\"@id\":\"https:\/\/www.geoelements.es\/contacto\/#primaryimage\"},\"thumbnailUrl\":\"https:\/\/www.geoelements.es\/wp-content\/uploads\/2026\/03\/GeoElements-mapa-mundo.svg\",\"datePublished\":\"2026-01-15T19:05:01+00:00\",\"dateModified\":\"2026-04-14T15:47:06+00:00\",\"breadcrumb\":{\"@id\":\"https:\/\/www.geoelements.es\/contacto\/#breadcrumb\"},\"inLanguage\":\"ca\",\"potentialAction\":[{\"@type\":\"ReadAction\",\"target\":[\"https:\/\/www.geoelements.es\/contacto\/\"]}]},{\"@type\":\"ImageObject\",\"inLanguage\":\"ca\",\"@id\":\"https:\/\/www.geoelements.es\/contacto\/#primaryimage\",\"url\":\"https:\/\/www.geoelements.es\/wp-content\/uploads\/2026\/03\/GeoElements-mapa-mundo.svg\",\"contentUrl\":\"https:\/\/www.geoelements.es\/wp-content\/uploads\/2026\/03\/GeoElements-mapa-mundo.svg\"},{\"@type\":\"BreadcrumbList\",\"@id\":\"https:\/\/www.geoelements.es\/contacto\/#breadcrumb\",\"itemListElement\":[{\"@type\":\"ListItem\",\"position\":1,\"name\":\"Portada\",\"item\":\"https:\/\/www.geoelements.es\/\"},{\"@type\":\"ListItem\",\"position\":2,\"name\":\"Contacto\"}]},{\"@type\":\"WebSite\",\"@id\":\"https:\/\/www.geoelements.es\/#website\",\"url\":\"https:\/\/www.geoelements.es\/\",\"name\":\"GEO Elements\",\"description\":\"\",\"publisher\":{\"@id\":\"https:\/\/www.geoelements.es\/#organization\"},\"potentialAction\":[{\"@type\":\"SearchAction\",\"target\":{\"@type\":\"EntryPoint\",\"urlTemplate\":\"https:\/\/www.geoelements.es\/?s={search_term_string}\"},\"query-input\":{\"@type\":\"PropertyValueSpecification\",\"valueRequired\":true,\"valueName\":\"search_term_string\"}}],\"inLanguage\":\"ca\"},{\"@type\":\"Organization\",\"@id\":\"https:\/\/www.geoelements.es\/#organization\",\"name\":\"GEO Elements\",\"url\":\"https:\/\/www.geoelements.es\/\",\"logo\":{\"@type\":\"ImageObject\",\"inLanguage\":\"ca\",\"@id\":\"https:\/\/www.geoelements.es\/#\/schema\/logo\/image\/\",\"url\":\"https:\/\/www.geoelements.es\/wp-content\/uploads\/2025\/12\/cropped-logo-geo-sinfondo-1.png\",\"contentUrl\":\"https:\/\/www.geoelements.es\/wp-content\/uploads\/2025\/12\/cropped-logo-geo-sinfondo-1.png\",\"width\":1383,\"height\":396,\"caption\":\"GEO Elements\"},\"image\":{\"@id\":\"https:\/\/www.geoelements.es\/#\/schema\/logo\/image\/\"}}]}<\/script>\n<!-- \/ Yoast SEO plugin. -->","yoast_head_json":{"title":"Contacto - GEO Elements","robots":{"index":"index","follow":"follow","max-snippet":"max-snippet:-1","max-image-preview":"max-image-preview:large","max-video-preview":"max-video-preview:-1"},"canonical":"https:\/\/www.geoelements.es\/ca\/contacto\/","og_locale":"ca_ES","og_type":"article","og_title":"Contacto - GEO Elements","og_description":"Contacto Oficinas Centrales admin@geoelements.es (+34) 93 808 56 17 Pol. Ind. Mas d\u2019En Cisa C\/ Josep Tura num. 11C, nave 14 (08181) Sentmenat, Barcelona, Espa\u00f1a. Presencia internacional Operamos diversas obras distribuidas en 4 pa\u00edses . Contamos con un equipo de m\u00e1s de 1000 personas en todo Europa.","og_url":"https:\/\/www.geoelements.es\/ca\/contacto\/","og_site_name":"GEO Elements","article_modified_time":"2026-04-14T15:47:06+00:00","twitter_card":"summary_large_image","twitter_misc":{"Temps estimat de lectura":"1 minut"},"schema":{"@context":"https:\/\/schema.org","@graph":[{"@type":"WebPage","@id":"https:\/\/www.geoelements.es\/contacto\/","url":"https:\/\/www.geoelements.es\/contacto\/","name":"Contacto - GEO Elements","isPartOf":{"@id":"https:\/\/www.geoelements.es\/#website"},"primaryImageOfPage":{"@id":"https:\/\/www.geoelements.es\/contacto\/#primaryimage"},"image":{"@id":"https:\/\/www.geoelements.es\/contacto\/#primaryimage"},"thumbnailUrl":"https:\/\/www.geoelements.es\/wp-content\/uploads\/2026\/03\/GeoElements-mapa-mundo.svg","datePublished":"2026-01-15T19:05:01+00:00","dateModified":"2026-04-14T15:47:06+00:00","breadcrumb":{"@id":"https:\/\/www.geoelements.es\/contacto\/#breadcrumb"},"inLanguage":"ca","potentialAction":[{"@type":"ReadAction","target":["https:\/\/www.geoelements.es\/contacto\/"]}]},{"@type":"ImageObject","inLanguage":"ca","@id":"https:\/\/www.geoelements.es\/contacto\/#primaryimage","url":"https:\/\/www.geoelements.es\/wp-content\/uploads\/2026\/03\/GeoElements-mapa-mundo.svg","contentUrl":"https:\/\/www.geoelements.es\/wp-content\/uploads\/2026\/03\/GeoElements-mapa-mundo.svg"},{"@type":"BreadcrumbList","@id":"https:\/\/www.geoelements.es\/contacto\/#breadcrumb","itemListElement":[{"@type":"ListItem","position":1,"name":"Portada","item":"https:\/\/www.geoelements.es\/"},{"@type":"ListItem","position":2,"name":"Contacto"}]},{"@type":"WebSite","@id":"https:\/\/www.geoelements.es\/#website","url":"https:\/\/www.geoelements.es\/","name":"GEO Elements","description":"","publisher":{"@id":"https:\/\/www.geoelements.es\/#organization"},"potentialAction":[{"@type":"SearchAction","target":{"@type":"EntryPoint","urlTemplate":"https:\/\/www.geoelements.es\/?s={search_term_string}"},"query-input":{"@type":"PropertyValueSpecification","valueRequired":true,"valueName":"search_term_string"}}],"inLanguage":"ca"},{"@type":"Organization","@id":"https:\/\/www.geoelements.es\/#organization","name":"GEO Elements","url":"https:\/\/www.geoelements.es\/","logo":{"@type":"ImageObject","inLanguage":"ca","@id":"https:\/\/www.geoelements.es\/#\/schema\/logo\/image\/","url":"https:\/\/www.geoelements.es\/wp-content\/uploads\/2025\/12\/cropped-logo-geo-sinfondo-1.png","contentUrl":"https:\/\/www.geoelements.es\/wp-content\/uploads\/2025\/12\/cropped-logo-geo-sinfondo-1.png","width":1383,"height":396,"caption":"GEO Elements"},"image":{"@id":"https:\/\/www.geoelements.es\/#\/schema\/logo\/image\/"}}]}},"_links":{"self":[{"href":"https:\/\/www.geoelements.es\/ca\/wp-json\/wp\/v2\/pages\/478","targetHints":{"allow":["GET"]}}],"collection":[{"href":"https:\/\/www.geoelements.es\/ca\/wp-json\/wp\/v2\/pages"}],"about":[{"href":"https:\/\/www.geoelements.es\/ca\/wp-json\/wp\/v2\/types\/page"}],"author":[{"embeddable":true,"href":"https:\/\/www.geoelements.es\/ca\/wp-json\/wp\/v2\/users\/1"}],"replies":[{"embeddable":true,"href":"https:\/\/www.geoelements.es\/ca\/wp-json\/wp\/v2\/comments?post=478"}],"version-history":[{"count":21,"href":"https:\/\/www.geoelements.es\/ca\/wp-json\/wp\/v2\/pages\/478\/revisions"}],"predecessor-version":[{"id":1343,"href":"https:\/\/www.geoelements.es\/ca\/wp-json\/wp\/v2\/pages\/478\/revisions\/1343"}],"wp:attachment":[{"href":"https:\/\/www.geoelements.es\/ca\/wp-json\/wp\/v2\/media?parent=478"}],"curies":[{"name":"wp","href":"https:\/\/api.w.org\/{rel}","templated":true}]}}