{"id":993,"date":"2026-03-10T16:41:46","date_gmt":"2026-03-10T15:41:46","guid":{"rendered":"https:\/\/www.geoelements.es\/?page_id=993"},"modified":"2026-04-11T19:27:37","modified_gmt":"2026-04-11T17:27:37","slug":"sostenibilidad","status":"publish","type":"page","link":"https:\/\/www.geoelements.es\/pt\/sostenibilidad\/","title":{"rendered":"Sostenibilidad"},"content":{"rendered":"<div data-elementor-type=\"wp-page\" data-elementor-id=\"993\" class=\"elementor elementor-993\" data-elementor-post-type=\"page\">\n\t\t\t\t<div class=\"elementor-element elementor-element-78643c4 e-con-full e-flex e-con e-parent\" data-id=\"78643c4\" data-element_type=\"container\">\n\t\t<div class=\"elementor-element elementor-element-80308bd e-con-full e-flex e-con e-child\" data-id=\"80308bd\" data-element_type=\"container\">\n\t\t\t\t<div class=\"elementor-element elementor-element-4d85cdf elementor-widget__width-inherit elementor-widget elementor-widget-heading\" data-id=\"4d85cdf\" data-element_type=\"widget\" data-widget_type=\"heading.default\">\n\t\t\t\t\t<h1 class=\"elementor-heading-title elementor-size-default\">Sostenibilidad<\/h1>\t\t\t\t<\/div>\n\t\t\t\t<\/div>\n\t\t<div class=\"elementor-element elementor-element-ec674ca e-flex e-con-boxed e-con e-child\" data-id=\"ec674ca\" data-element_type=\"container\" data-settings=\"{&quot;background_background&quot;:&quot;classic&quot;}\">\n\t\t\t\t\t<div class=\"e-con-inner\">\n\t\t<div class=\"elementor-element elementor-element-9123fdd e-con-full e-flex e-con e-child\" data-id=\"9123fdd\" data-element_type=\"container\">\n\t\t<div class=\"elementor-element elementor-element-d5cfb9a e-con-full e-flex e-con e-child\" data-id=\"d5cfb9a\" data-element_type=\"container\">\n\t\t<div class=\"elementor-element elementor-element-0042343 e-flex e-con-boxed e-con e-child\" data-id=\"0042343\" data-element_type=\"container\">\n\t\t\t\t\t<div class=\"e-con-inner\">\n\t\t<div class=\"elementor-element elementor-element-ed82cc9 e-con-full e-flex e-con e-child\" data-id=\"ed82cc9\" data-element_type=\"container\" data-settings=\"{&quot;background_background&quot;:&quot;classic&quot;}\">\n\t\t\t\t<div class=\"elementor-element elementor-element-f121660 elementor-widget elementor-widget-heading\" data-id=\"f121660\" data-element_type=\"widget\" data-widget_type=\"heading.default\">\n\t\t\t\t\t<h2 class=\"elementor-heading-title elementor-size-default\">Econom\u00eda Circular en la Construcci\u00f3n<\/h2>\t\t\t\t<\/div>\n\t\t\t\t<div class=\"elementor-element elementor-element-a66068b elementor-widget elementor-widget-text-editor\" data-id=\"a66068b\" data-element_type=\"widget\" data-widget_type=\"text-editor.default\">\n\t\t\t\t\t\t\t\t\t<p>Nuestra empresa integra los principios de la econom\u00eda circular en su actividad diaria, apostando por un modelo que prioriza el uso eficiente de los recursos y la optimizaci\u00f3n del ciclo de vida de los materiales.<\/p>\t\t\t\t\t\t\t\t<\/div>\n\t\t\t\t<div class=\"elementor-element elementor-element-10797eb elementor-widget elementor-widget-heading\" data-id=\"10797eb\" data-element_type=\"widget\" data-widget_type=\"heading.default\">\n\t\t\t\t\t<h2 class=\"elementor-heading-title elementor-size-default\">Promovemos soluciones que favorecen:<\/h2>\t\t\t\t<\/div>\n\t\t\t\t<div class=\"elementor-element elementor-element-9ef3415 elementor-icon-list--layout-traditional elementor-list-item-link-full_width elementor-widget elementor-widget-icon-list\" data-id=\"9ef3415\" data-element_type=\"widget\" data-widget_type=\"icon-list.default\">\n\t\t\t\t\t\t\t<ul class=\"elementor-icon-list-items\">\n\t\t\t\t\t\t\t<li class=\"elementor-icon-list-item\">\n\t\t\t\t\t\t\t\t\t\t\t<span class=\"elementor-icon-list-icon\">\n\t\t\t\t\t\t\t<svg aria-hidden=\"true\" class=\"e-font-icon-svg e-fas-check\" viewbox=\"0 0 512 512\" xmlns=\"http:\/\/www.w3.org\/2000\/svg\"><path d=\"M173.898 439.404l-166.4-166.4c-9.997-9.997-9.997-26.206 0-36.204l36.203-36.204c9.997-9.998 26.207-9.998 36.204 0L192 312.69 432.095 72.596c9.997-9.997 26.207-9.997 36.204 0l36.203 36.204c9.997 9.997 9.997 26.206 0 36.204l-294.4 294.401c-9.998 9.997-26.207 9.997-36.204-.001z\"><\/path><\/svg>\t\t\t\t\t\t<\/span>\n\t\t\t\t\t\t\t\t\t\t<span class=\"elementor-icon-list-text\">La reutilizaci\u00f3n de materiales<\/span>\n\t\t\t\t\t\t\t\t\t<\/li>\n\t\t\t\t\t\t\t\t<li class=\"elementor-icon-list-item\">\n\t\t\t\t\t\t\t\t\t\t\t<span class=\"elementor-icon-list-icon\">\n\t\t\t\t\t\t\t<svg aria-hidden=\"true\" class=\"e-font-icon-svg e-fas-check\" viewbox=\"0 0 512 512\" xmlns=\"http:\/\/www.w3.org\/2000\/svg\"><path d=\"M173.898 439.404l-166.4-166.4c-9.997-9.997-9.997-26.206 0-36.204l36.203-36.204c9.997-9.998 26.207-9.998 36.204 0L192 312.69 432.095 72.596c9.997-9.997 26.207-9.997 36.204 0l36.203 36.204c9.997 9.997 9.997 26.206 0 36.204l-294.4 294.401c-9.998 9.997-26.207 9.997-36.204-.001z\"><\/path><\/svg>\t\t\t\t\t\t<\/span>\n\t\t\t\t\t\t\t\t\t\t<span class=\"elementor-icon-list-text\">La reducci\u00f3n de residuos<\/span>\n\t\t\t\t\t\t\t\t\t<\/li>\n\t\t\t\t\t\t\t\t<li class=\"elementor-icon-list-item\">\n\t\t\t\t\t\t\t\t\t\t\t<span class=\"elementor-icon-list-icon\">\n\t\t\t\t\t\t\t<svg aria-hidden=\"true\" class=\"e-font-icon-svg e-fas-check\" viewbox=\"0 0 512 512\" xmlns=\"http:\/\/www.w3.org\/2000\/svg\"><path d=\"M173.898 439.404l-166.4-166.4c-9.997-9.997-9.997-26.206 0-36.204l36.203-36.204c9.997-9.998 26.207-9.998 36.204 0L192 312.69 432.095 72.596c9.997-9.997 26.207-9.997 36.204 0l36.203 36.204c9.997 9.997 9.997 26.206 0 36.204l-294.4 294.401c-9.998 9.997-26.207 9.997-36.204-.001z\"><\/path><\/svg>\t\t\t\t\t\t<\/span>\n\t\t\t\t\t\t\t\t\t\t<span class=\"elementor-icon-list-text\">La mejora continua de los procesos<\/span>\n\t\t\t\t\t\t\t\t\t<\/li>\n\t\t\t\t\t\t<\/ul>\n\t\t\t\t\t\t<\/div>\n\t\t\t\t<div class=\"elementor-element elementor-element-c2cc7b1 elementor-widget elementor-widget-text-editor\" data-id=\"c2cc7b1\" data-element_type=\"widget\" data-widget_type=\"text-editor.default\">\n\t\t\t\t\t\t\t\t\t<p>Contribuimos as\u00ed a una gesti\u00f3n m\u00e1s responsable dentro de los sectores de cimentaciones especiales, prefabricado y t\u00faneles, trabajando con criterios t\u00e9cnicos que minimizan el impacto ambiental sin comprometer la calidad, la seguridad ni el rendimiento.<\/p>\t\t\t\t\t\t\t\t<\/div>\n\t\t\t\t<\/div>\n\t\t<div class=\"elementor-element elementor-element-0fedff2 e-con-full e-flex e-con e-child\" data-id=\"0fedff2\" data-element_type=\"container\" data-settings=\"{&quot;background_background&quot;:&quot;classic&quot;}\">\n\t\t\t\t<div class=\"elementor-element elementor-element-f08541a elementor-widget elementor-widget-heading\" data-id=\"f08541a\" data-element_type=\"widget\" data-widget_type=\"heading.default\">\n\t\t\t\t\t<h2 class=\"elementor-heading-title elementor-size-default\">Sostenibilidad y Responsabilidad medioambiental<\/h2>\t\t\t\t<\/div>\n\t\t\t\t<div class=\"elementor-element elementor-element-22a768a elementor-widget elementor-widget-text-editor\" data-id=\"22a768a\" data-element_type=\"widget\" data-widget_type=\"text-editor.default\">\n\t\t\t\t\t\t\t\t\t<p>Contribuimos as\u00ed a una gesti\u00f3n m\u00e1s responsable dentro de los sectores de cimentaciones especiales, prefabricado y t\u00faneles, trabajando con criterios t\u00e9cnicos que minimizan el impacto ambiental sin comprometer la calidad, la seguridad ni el rendimiento.<\/p><p>Colaboramos estrechamente con clientes, proveedores y equipos t\u00e9cnicos para ofrecer soluciones que equilibren:<\/p>\t\t\t\t\t\t\t\t<\/div>\n\t\t\t\t<div class=\"elementor-element elementor-element-d619606 elementor-icon-list--layout-traditional elementor-list-item-link-full_width elementor-widget elementor-widget-icon-list\" data-id=\"d619606\" data-element_type=\"widget\" data-widget_type=\"icon-list.default\">\n\t\t\t\t\t\t\t<ul class=\"elementor-icon-list-items\">\n\t\t\t\t\t\t\t<li class=\"elementor-icon-list-item\">\n\t\t\t\t\t\t\t\t\t\t\t<span class=\"elementor-icon-list-icon\">\n\t\t\t\t\t\t\t<svg aria-hidden=\"true\" class=\"e-font-icon-svg e-fas-check\" viewbox=\"0 0 512 512\" xmlns=\"http:\/\/www.w3.org\/2000\/svg\"><path d=\"M173.898 439.404l-166.4-166.4c-9.997-9.997-9.997-26.206 0-36.204l36.203-36.204c9.997-9.998 26.207-9.998 36.204 0L192 312.69 432.095 72.596c9.997-9.997 26.207-9.997 36.204 0l36.203 36.204c9.997 9.997 9.997 26.206 0 36.204l-294.4 294.401c-9.998 9.997-26.207 9.997-36.204-.001z\"><\/path><\/svg>\t\t\t\t\t\t<\/span>\n\t\t\t\t\t\t\t\t\t\t<span class=\"elementor-icon-list-text\">La eficiencia econ\u00f3mica<\/span>\n\t\t\t\t\t\t\t\t\t<\/li>\n\t\t\t\t\t\t\t\t<li class=\"elementor-icon-list-item\">\n\t\t\t\t\t\t\t\t\t\t\t<span class=\"elementor-icon-list-icon\">\n\t\t\t\t\t\t\t<svg aria-hidden=\"true\" class=\"e-font-icon-svg e-fas-check\" viewbox=\"0 0 512 512\" xmlns=\"http:\/\/www.w3.org\/2000\/svg\"><path d=\"M173.898 439.404l-166.4-166.4c-9.997-9.997-9.997-26.206 0-36.204l36.203-36.204c9.997-9.998 26.207-9.998 36.204 0L192 312.69 432.095 72.596c9.997-9.997 26.207-9.997 36.204 0l36.203 36.204c9.997 9.997 9.997 26.206 0 36.204l-294.4 294.401c-9.998 9.997-26.207 9.997-36.204-.001z\"><\/path><\/svg>\t\t\t\t\t\t<\/span>\n\t\t\t\t\t\t\t\t\t\t<span class=\"elementor-icon-list-text\">Responsabilidad social<\/span>\n\t\t\t\t\t\t\t\t\t<\/li>\n\t\t\t\t\t\t\t\t<li class=\"elementor-icon-list-item\">\n\t\t\t\t\t\t\t\t\t\t\t<span class=\"elementor-icon-list-icon\">\n\t\t\t\t\t\t\t<svg aria-hidden=\"true\" class=\"e-font-icon-svg e-fas-check\" viewbox=\"0 0 512 512\" xmlns=\"http:\/\/www.w3.org\/2000\/svg\"><path d=\"M173.898 439.404l-166.4-166.4c-9.997-9.997-9.997-26.206 0-36.204l36.203-36.204c9.997-9.998 26.207-9.998 36.204 0L192 312.69 432.095 72.596c9.997-9.997 26.207-9.997 36.204 0l36.203 36.204c9.997 9.997 9.997 26.206 0 36.204l-294.4 294.401c-9.998 9.997-26.207 9.997-36.204-.001z\"><\/path><\/svg>\t\t\t\t\t\t<\/span>\n\t\t\t\t\t\t\t\t\t\t<span class=\"elementor-icon-list-text\">Respeto por el entorno<\/span>\n\t\t\t\t\t\t\t\t\t<\/li>\n\t\t\t\t\t\t<\/ul>\n\t\t\t\t\t\t<\/div>\n\t\t\t\t<div class=\"elementor-element elementor-element-ffba662 elementor-widget elementor-widget-text-editor\" data-id=\"ffba662\" data-element_type=\"widget\" data-widget_type=\"text-editor.default\">\n\t\t\t\t\t\t\t\t\t<p>De esta forma, contribuimos activamente al desarrollo sostenible del sector de la construcci\u00f3n y las infraestructuras.<\/p><p><strong>GeoElements<\/strong>, tu partner de confianza en proyectos geot\u00e9cnicos<\/p>\t\t\t\t\t\t\t\t<\/div>\n\t\t\t\t<\/div>\n\t\t\t\t\t<\/div>\n\t\t\t\t<\/div>\n\t\t\t\t<\/div>\n\t\t\t\t<\/div>\n\t\t<div class=\"elementor-element elementor-element-ee96b5e e-con-full e-flex e-con e-child\" data-id=\"ee96b5e\" data-element_type=\"container\">\n\t\t\t\t<div class=\"elementor-element elementor-element-ca9a6e7 elementor-widget elementor-widget-image\" data-id=\"ca9a6e7\" data-element_type=\"widget\" data-widget_type=\"image.default\">\n\t\t\t\t\t\t\t\t\t\t\t\t\t\t\t<img fetchpriority=\"high\" decoding=\"async\" width=\"682\" height=\"1024\" src=\"https:\/\/www.geoelements.es\/wp-content\/uploads\/2026\/03\/nosotros-682x1024.webp\" class=\"attachment-large size-large wp-image-972\" alt=\"\" srcset=\"https:\/\/www.geoelements.es\/wp-content\/uploads\/2026\/03\/nosotros-682x1024.webp 682w, https:\/\/www.geoelements.es\/wp-content\/uploads\/2026\/03\/nosotros-200x300.webp 200w, https:\/\/www.geoelements.es\/wp-content\/uploads\/2026\/03\/nosotros-768x1153.webp 768w, https:\/\/www.geoelements.es\/wp-content\/uploads\/2026\/03\/nosotros-1023x1536.webp 1023w, https:\/\/www.geoelements.es\/wp-content\/uploads\/2026\/03\/nosotros-1364x2048.webp 1364w, https:\/\/www.geoelements.es\/wp-content\/uploads\/2026\/03\/nosotros-scaled.webp 1706w\" sizes=\"(max-width: 682px) 100vw, 682px\" \/>\t\t\t\t\t\t\t\t\t\t\t\t\t\t\t<\/div>\n\t\t\t\t<\/div>\n\t\t\t\t\t<\/div>\n\t\t\t\t<\/div>\n\t\t\t\t<\/div>\n\t\t<div class=\"elementor-element elementor-element-ae3f34a e-con-full elementor-hidden-desktop elementor-hidden-tablet elementor-hidden-mobile e-flex e-con e-parent\" data-id=\"ae3f34a\" data-element_type=\"container\">\n\t\t<div class=\"elementor-element elementor-element-1d13cf5 e-flex e-con-boxed e-con e-child\" data-id=\"1d13cf5\" data-element_type=\"container\">\n\t\t\t\t\t<div class=\"e-con-inner\">\n\t\t\t\t<div class=\"elementor-element elementor-element-92b68ea elementor-widget__width-initial elementor-widget elementor-widget-heading\" data-id=\"92b68ea\" data-element_type=\"widget\" data-widget_type=\"heading.default\">\n\t\t\t\t\t<h2 class=\"elementor-heading-title elementor-size-default\">Presencia internacional<\/h2>\t\t\t\t<\/div>\n\t\t\t\t<div class=\"elementor-element elementor-element-f6f2a70 elementor-widget-divider--view-line elementor-widget elementor-widget-divider\" data-id=\"f6f2a70\" data-element_type=\"widget\" data-widget_type=\"divider.default\">\n\t\t\t\t\t\t\t<div class=\"elementor-divider\">\n\t\t\t<span class=\"elementor-divider-separator\">\n\t\t\t\t\t\t<\/span>\n\t\t<\/div>\n\t\t\t\t\t\t<\/div>\n\t\t\t\t<div class=\"elementor-element elementor-element-9734957 elementor-widget elementor-widget-text-editor\" data-id=\"9734957\" data-element_type=\"widget\" data-widget_type=\"text-editor.default\">\n\t\t\t\t\t\t\t\t\t<p>Operamos diversas obras distribuidas en 4 pa\u00edses . Contamos con un equipo de m\u00e1s de 1000 personas en todo Europa.<\/p>\t\t\t\t\t\t\t\t<\/div>\n\t\t<div class=\"elementor-element elementor-element-d6e1896 e-con-full e-flex e-con e-child\" data-id=\"d6e1896\" data-element_type=\"container\" data-settings=\"{&quot;background_background&quot;:&quot;classic&quot;}\">\n\t\t\t\t<\/div>\n\t\t\t\t\t<\/div>\n\t\t\t\t<\/div>\n\t\t\t\t<\/div>\n\t\t\t\t<\/div>","protected":false},"excerpt":{"rendered":"<p>Sostenibilidad Econom\u00eda Circular en la Construcci\u00f3n Nuestra empresa integra los principios de la econom\u00eda circular en su actividad diaria, apostando por un modelo que prioriza el uso eficiente de los recursos y la optimizaci\u00f3n del ciclo de vida de los materiales. Promovemos soluciones que favorecen: La reutilizaci\u00f3n de materiales La reducci\u00f3n de residuos La mejora [&hellip;]<\/p>\n","protected":false},"author":1,"featured_media":0,"parent":0,"menu_order":0,"comment_status":"closed","ping_status":"closed","template":"elementor_header_footer","meta":{"footnotes":""},"class_list":["post-993","page","type-page","status-publish","hentry"],"yoast_head":"<!-- This site is optimized with the Yoast SEO plugin v26.5 - https:\/\/yoast.com\/wordpress\/plugins\/seo\/ -->\n<title>Sostenibilidad - GEO Elements<\/title>\n<meta name=\"robots\" content=\"index, follow, max-snippet:-1, max-image-preview:large, max-video-preview:-1\" \/>\n<link rel=\"canonical\" href=\"https:\/\/www.geoelements.es\/pt\/sostenibilidad\/\" \/>\n<meta property=\"og:locale\" content=\"pt_PT\" \/>\n<meta property=\"og:type\" content=\"article\" \/>\n<meta property=\"og:title\" content=\"Sostenibilidad - GEO Elements\" \/>\n<meta property=\"og:description\" content=\"Sostenibilidad Econom\u00eda Circular en la Construcci\u00f3n Nuestra empresa integra los principios de la econom\u00eda circular en su actividad diaria, apostando por un modelo que prioriza el uso eficiente de los recursos y la optimizaci\u00f3n del ciclo de vida de los materiales. Promovemos soluciones que favorecen: La reutilizaci\u00f3n de materiales La reducci\u00f3n de residuos La mejora [&hellip;]\" \/>\n<meta property=\"og:url\" content=\"https:\/\/www.geoelements.es\/pt\/sostenibilidad\/\" \/>\n<meta property=\"og:site_name\" content=\"GEO Elements\" \/>\n<meta property=\"article:modified_time\" content=\"2026-04-11T17:27:37+00:00\" \/>\n<meta property=\"og:image\" content=\"https:\/\/www.geoelements.es\/wp-content\/uploads\/2026\/03\/nosotros-scaled.webp\" \/>\n\t<meta property=\"og:image:width\" content=\"1706\" \/>\n\t<meta property=\"og:image:height\" content=\"2560\" \/>\n\t<meta property=\"og:image:type\" content=\"image\/webp\" \/>\n<meta name=\"twitter:card\" content=\"summary_large_image\" \/>\n<meta name=\"twitter:label1\" content=\"Tempo estimado de leitura\" \/>\n\t<meta name=\"twitter:data1\" content=\"1 minuto\" \/>\n<script type=\"application\/ld+json\" class=\"yoast-schema-graph\">{\"@context\":\"https:\/\/schema.org\",\"@graph\":[{\"@type\":\"WebPage\",\"@id\":\"https:\/\/www.geoelements.es\/sostenibilidad\/\",\"url\":\"https:\/\/www.geoelements.es\/sostenibilidad\/\",\"name\":\"Sostenibilidad - GEO Elements\",\"isPartOf\":{\"@id\":\"https:\/\/www.geoelements.es\/#website\"},\"primaryImageOfPage\":{\"@id\":\"https:\/\/www.geoelements.es\/sostenibilidad\/#primaryimage\"},\"image\":{\"@id\":\"https:\/\/www.geoelements.es\/sostenibilidad\/#primaryimage\"},\"thumbnailUrl\":\"https:\/\/www.geoelements.es\/wp-content\/uploads\/2026\/03\/nosotros-682x1024.webp\",\"datePublished\":\"2026-03-10T15:41:46+00:00\",\"dateModified\":\"2026-04-11T17:27:37+00:00\",\"breadcrumb\":{\"@id\":\"https:\/\/www.geoelements.es\/sostenibilidad\/#breadcrumb\"},\"inLanguage\":\"pt-PT\",\"potentialAction\":[{\"@type\":\"ReadAction\",\"target\":[\"https:\/\/www.geoelements.es\/sostenibilidad\/\"]}]},{\"@type\":\"ImageObject\",\"inLanguage\":\"pt-PT\",\"@id\":\"https:\/\/www.geoelements.es\/sostenibilidad\/#primaryimage\",\"url\":\"https:\/\/www.geoelements.es\/wp-content\/uploads\/2026\/03\/nosotros-682x1024.webp\",\"contentUrl\":\"https:\/\/www.geoelements.es\/wp-content\/uploads\/2026\/03\/nosotros-682x1024.webp\"},{\"@type\":\"BreadcrumbList\",\"@id\":\"https:\/\/www.geoelements.es\/sostenibilidad\/#breadcrumb\",\"itemListElement\":[{\"@type\":\"ListItem\",\"position\":1,\"name\":\"Portada\",\"item\":\"https:\/\/www.geoelements.es\/\"},{\"@type\":\"ListItem\",\"position\":2,\"name\":\"Sostenibilidad\"}]},{\"@type\":\"WebSite\",\"@id\":\"https:\/\/www.geoelements.es\/#website\",\"url\":\"https:\/\/www.geoelements.es\/\",\"name\":\"GEO Elements\",\"description\":\"\",\"publisher\":{\"@id\":\"https:\/\/www.geoelements.es\/#organization\"},\"potentialAction\":[{\"@type\":\"SearchAction\",\"target\":{\"@type\":\"EntryPoint\",\"urlTemplate\":\"https:\/\/www.geoelements.es\/?s={search_term_string}\"},\"query-input\":{\"@type\":\"PropertyValueSpecification\",\"valueRequired\":true,\"valueName\":\"search_term_string\"}}],\"inLanguage\":\"pt-PT\"},{\"@type\":\"Organization\",\"@id\":\"https:\/\/www.geoelements.es\/#organization\",\"name\":\"GEO Elements\",\"url\":\"https:\/\/www.geoelements.es\/\",\"logo\":{\"@type\":\"ImageObject\",\"inLanguage\":\"pt-PT\",\"@id\":\"https:\/\/www.geoelements.es\/#\/schema\/logo\/image\/\",\"url\":\"https:\/\/www.geoelements.es\/wp-content\/uploads\/2025\/12\/cropped-logo-geo-sinfondo-1.png\",\"contentUrl\":\"https:\/\/www.geoelements.es\/wp-content\/uploads\/2025\/12\/cropped-logo-geo-sinfondo-1.png\",\"width\":1383,\"height\":396,\"caption\":\"GEO Elements\"},\"image\":{\"@id\":\"https:\/\/www.geoelements.es\/#\/schema\/logo\/image\/\"}}]}<\/script>\n<!-- \/ Yoast SEO plugin. -->","yoast_head_json":{"title":"Sostenibilidad - GEO Elements","robots":{"index":"index","follow":"follow","max-snippet":"max-snippet:-1","max-image-preview":"max-image-preview:large","max-video-preview":"max-video-preview:-1"},"canonical":"https:\/\/www.geoelements.es\/pt\/sostenibilidad\/","og_locale":"pt_PT","og_type":"article","og_title":"Sostenibilidad - GEO Elements","og_description":"Sostenibilidad Econom\u00eda Circular en la Construcci\u00f3n Nuestra empresa integra los principios de la econom\u00eda circular en su actividad diaria, apostando por un modelo que prioriza el uso eficiente de los recursos y la optimizaci\u00f3n del ciclo de vida de los materiales. Promovemos soluciones que favorecen: La reutilizaci\u00f3n de materiales La reducci\u00f3n de residuos La mejora [&hellip;]","og_url":"https:\/\/www.geoelements.es\/pt\/sostenibilidad\/","og_site_name":"GEO Elements","article_modified_time":"2026-04-11T17:27:37+00:00","og_image":[{"width":1706,"height":2560,"url":"https:\/\/www.geoelements.es\/wp-content\/uploads\/2026\/03\/nosotros-scaled.webp","type":"image\/webp"}],"twitter_card":"summary_large_image","twitter_misc":{"Tempo estimado de leitura":"1 minuto"},"schema":{"@context":"https:\/\/schema.org","@graph":[{"@type":"WebPage","@id":"https:\/\/www.geoelements.es\/sostenibilidad\/","url":"https:\/\/www.geoelements.es\/sostenibilidad\/","name":"Sostenibilidad - GEO Elements","isPartOf":{"@id":"https:\/\/www.geoelements.es\/#website"},"primaryImageOfPage":{"@id":"https:\/\/www.geoelements.es\/sostenibilidad\/#primaryimage"},"image":{"@id":"https:\/\/www.geoelements.es\/sostenibilidad\/#primaryimage"},"thumbnailUrl":"https:\/\/www.geoelements.es\/wp-content\/uploads\/2026\/03\/nosotros-682x1024.webp","datePublished":"2026-03-10T15:41:46+00:00","dateModified":"2026-04-11T17:27:37+00:00","breadcrumb":{"@id":"https:\/\/www.geoelements.es\/sostenibilidad\/#breadcrumb"},"inLanguage":"pt-PT","potentialAction":[{"@type":"ReadAction","target":["https:\/\/www.geoelements.es\/sostenibilidad\/"]}]},{"@type":"ImageObject","inLanguage":"pt-PT","@id":"https:\/\/www.geoelements.es\/sostenibilidad\/#primaryimage","url":"https:\/\/www.geoelements.es\/wp-content\/uploads\/2026\/03\/nosotros-682x1024.webp","contentUrl":"https:\/\/www.geoelements.es\/wp-content\/uploads\/2026\/03\/nosotros-682x1024.webp"},{"@type":"BreadcrumbList","@id":"https:\/\/www.geoelements.es\/sostenibilidad\/#breadcrumb","itemListElement":[{"@type":"ListItem","position":1,"name":"Portada","item":"https:\/\/www.geoelements.es\/"},{"@type":"ListItem","position":2,"name":"Sostenibilidad"}]},{"@type":"WebSite","@id":"https:\/\/www.geoelements.es\/#website","url":"https:\/\/www.geoelements.es\/","name":"GEO Elements","description":"","publisher":{"@id":"https:\/\/www.geoelements.es\/#organization"},"potentialAction":[{"@type":"SearchAction","target":{"@type":"EntryPoint","urlTemplate":"https:\/\/www.geoelements.es\/?s={search_term_string}"},"query-input":{"@type":"PropertyValueSpecification","valueRequired":true,"valueName":"search_term_string"}}],"inLanguage":"pt-PT"},{"@type":"Organization","@id":"https:\/\/www.geoelements.es\/#organization","name":"GEO Elements","url":"https:\/\/www.geoelements.es\/","logo":{"@type":"ImageObject","inLanguage":"pt-PT","@id":"https:\/\/www.geoelements.es\/#\/schema\/logo\/image\/","url":"https:\/\/www.geoelements.es\/wp-content\/uploads\/2025\/12\/cropped-logo-geo-sinfondo-1.png","contentUrl":"https:\/\/www.geoelements.es\/wp-content\/uploads\/2025\/12\/cropped-logo-geo-sinfondo-1.png","width":1383,"height":396,"caption":"GEO Elements"},"image":{"@id":"https:\/\/www.geoelements.es\/#\/schema\/logo\/image\/"}}]}},"_links":{"self":[{"href":"https:\/\/www.geoelements.es\/pt\/wp-json\/wp\/v2\/pages\/993","targetHints":{"allow":["GET"]}}],"collection":[{"href":"https:\/\/www.geoelements.es\/pt\/wp-json\/wp\/v2\/pages"}],"about":[{"href":"https:\/\/www.geoelements.es\/pt\/wp-json\/wp\/v2\/types\/page"}],"author":[{"embeddable":true,"href":"https:\/\/www.geoelements.es\/pt\/wp-json\/wp\/v2\/users\/1"}],"replies":[{"embeddable":true,"href":"https:\/\/www.geoelements.es\/pt\/wp-json\/wp\/v2\/comments?post=993"}],"version-history":[{"count":18,"href":"https:\/\/www.geoelements.es\/pt\/wp-json\/wp\/v2\/pages\/993\/revisions"}],"predecessor-version":[{"id":1157,"href":"https:\/\/www.geoelements.es\/pt\/wp-json\/wp\/v2\/pages\/993\/revisions\/1157"}],"wp:attachment":[{"href":"https:\/\/www.geoelements.es\/pt\/wp-json\/wp\/v2\/media?parent=993"}],"curies":[{"name":"wp","href":"https:\/\/api.w.org\/{rel}","templated":true}]}}